{"id":51,"date":"2022-09-25T18:43:35","date_gmt":"2022-09-25T18:43:35","guid":{"rendered":"https:\/\/www.azek.sk\/?page_id=51"},"modified":"2022-09-25T20:57:27","modified_gmt":"2022-09-25T20:57:27","slug":"zirkon","status":"publish","type":"page","link":"https:\/\/www.azek.sk\/?page_id=51","title":{"rendered":"Zirk\u00f3n"},"content":{"rendered":"\n<div class=\"wp-container-6 wp-block-columns\">\n<div class=\"wp-container-5 wp-block-column\" style=\"flex-basis:100%\">\n<p><strong>AK\u00c9 S\u00da V\u00ddHODY ZIRK\u00d3NU?<\/strong><\/p>\n\n\n\n<div class=\"wp-container-4 wp-block-columns\">\n<div class=\"wp-container-1 wp-block-column\">\n<p class=\"has-text-align-center\"><strong>Biokompatibilita<\/strong><br>V\u0161etky druhy zirk\u00f3nu s\u00fa plne biokompatibiln\u00e9 bezkovov\u00e9 keramick\u00e9 materi\u00e1ly. V porovnan\u00ed s kovokeramikou nie je potrebn\u00e1 tak v\u00fdrazn\u00e1 prepar\u00e1cia tvrd\u00fdch zubn\u00fdch tkan\u00edv, sta\u010di v priemere 1 mm.<br><\/p>\n<\/div>\n\n\n\n<div class=\"wp-container-2 wp-block-column\">\n<p class=\"has-text-align-center\"><strong>Estetika<\/strong><br>V\u010faka technologick\u00e9mu pokroku vo v\u00fdrobe zirk\u00f3nu existuje \u0161irok\u00e9 spektrum indik\u00e1ci\u00ed, kde je mo\u017en\u00e9 pou\u017ei\u0165 \u010dist\u00fd zirk\u00f3n bez nan\u00e1\u0161ania keramiky. Estetika modern\u00fdch zirk\u00f3nov je porovnate\u013en\u00e1 s kovokeramiku, no daleko vy\u0161\u0161ou pevnos\u0165ou a bez rizika &#8222;odprask\u00e1vania&#8220; materi\u00e1lu z povrchu. Taktie\u017e nehroz\u00ed vidite\u013enos\u0165 podkladov\u00e9ho kovu pri kr\u010dku zuba.<\/p>\n<\/div>\n\n\n\n<div class=\"wp-container-3 wp-block-column\">\n<p class=\"has-text-align-center\"><strong>Pevnos\u0165<\/strong><br>Zirkon pou\u017e\u00edvan\u00fd v zubnom lek\u00e1rstve sa vyzna\u010duje pevnos\u0165ou a\u017e do 1200Mpa, \u010do umo\u017e\u0148uje jeho pou\u017eitie na monolitick\u00e9 s\u00f3lo korunky, no aj na rozsiahle most\u00edky pre rekon\u0161trukciu cel\u00e9ho zubn\u00e9ho obl\u00faka.<\/p>\n<\/div>\n<\/div>\n<\/div>\n<\/div>\n","protected":false},"excerpt":{"rendered":"<p>AK\u00c9 S\u00da V\u00ddHODY ZIRK\u00d3NU? BiokompatibilitaV\u0161etky druhy zirk\u00f3nu s\u00fa plne biokompatibiln\u00e9 bezkovov\u00e9 keramick\u00e9 materi\u00e1ly. V porovnan\u00ed s kovokeramikou nie je potrebn\u00e1 tak v\u00fdrazn\u00e1 prepar\u00e1cia tvrd\u00fdch zubn\u00fdch&hellip;<\/p>\n","protected":false},"author":1,"featured_media":0,"parent":0,"menu_order":0,"comment_status":"closed","ping_status":"closed","template":"","meta":{"_monsterinsights_skip_tracking":false,"_monsterinsights_sitenote_active":false,"_monsterinsights_sitenote_note":"","_monsterinsights_sitenote_category":0},"yoast_head":"<!-- This site is optimized with the Yoast SEO plugin v19.6.1 - https:\/\/yoast.com\/wordpress\/plugins\/seo\/ -->\n<title>Zirk\u00f3n - Zubn\u00e1 technika Azek<\/title>\n<meta name=\"robots\" content=\"index, follow, max-snippet:-1, max-image-preview:large, max-video-preview:-1\" \/>\n<link rel=\"canonical\" href=\"https:\/\/www.azek.sk\/?page_id=51\" \/>\n<meta property=\"og:locale\" content=\"sk_SK\" \/>\n<meta property=\"og:type\" content=\"article\" \/>\n<meta property=\"og:title\" content=\"Zirk\u00f3n - Zubn\u00e1 technika Azek\" \/>\n<meta property=\"og:description\" content=\"AK\u00c9 S\u00da V\u00ddHODY ZIRK\u00d3NU? BiokompatibilitaV\u0161etky druhy zirk\u00f3nu s\u00fa plne biokompatibiln\u00e9 bezkovov\u00e9 keramick\u00e9 materi\u00e1ly. V porovnan\u00ed s kovokeramikou nie je potrebn\u00e1 tak v\u00fdrazn\u00e1 prepar\u00e1cia tvrd\u00fdch zubn\u00fdch&hellip;\" \/>\n<meta property=\"og:url\" content=\"https:\/\/www.azek.sk\/?page_id=51\" \/>\n<meta property=\"og:site_name\" content=\"Zubn\u00e1 technika Azek\" \/>\n<meta property=\"article:modified_time\" content=\"2022-09-25T20:57:27+00:00\" \/>\n<meta name=\"twitter:card\" content=\"summary_large_image\" \/>\n<meta name=\"twitter:label1\" content=\"Predpokladan\u00fd \u010das \u010d\u00edtania\" \/>\n\t<meta name=\"twitter:data1\" content=\"1 min\u00fata\" \/>\n<script type=\"application\/ld+json\" class=\"yoast-schema-graph\">{\"@context\":\"https:\/\/schema.org\",\"@graph\":[{\"@type\":\"WebPage\",\"@id\":\"https:\/\/www.azek.sk\/?page_id=51\",\"url\":\"https:\/\/www.azek.sk\/?page_id=51\",\"name\":\"Zirk\u00f3n - Zubn\u00e1 technika Azek\",\"isPartOf\":{\"@id\":\"https:\/\/www.azek.sk\/#website\"},\"datePublished\":\"2022-09-25T18:43:35+00:00\",\"dateModified\":\"2022-09-25T20:57:27+00:00\",\"breadcrumb\":{\"@id\":\"https:\/\/www.azek.sk\/?page_id=51#breadcrumb\"},\"inLanguage\":\"sk-SK\",\"potentialAction\":[{\"@type\":\"ReadAction\",\"target\":[\"https:\/\/www.azek.sk\/?page_id=51\"]}]},{\"@type\":\"BreadcrumbList\",\"@id\":\"https:\/\/www.azek.sk\/?page_id=51#breadcrumb\",\"itemListElement\":[{\"@type\":\"ListItem\",\"position\":1,\"name\":\"Home\",\"item\":\"https:\/\/www.azek.sk\/\"},{\"@type\":\"ListItem\",\"position\":2,\"name\":\"Zirk\u00f3n\"}]},{\"@type\":\"WebSite\",\"@id\":\"https:\/\/www.azek.sk\/#website\",\"url\":\"https:\/\/www.azek.sk\/\",\"name\":\"Zubn\u00e1 technika Azek\",\"description\":\"\",\"publisher\":{\"@id\":\"https:\/\/www.azek.sk\/#organization\"},\"potentialAction\":[{\"@type\":\"SearchAction\",\"target\":{\"@type\":\"EntryPoint\",\"urlTemplate\":\"https:\/\/www.azek.sk\/?s={search_term_string}\"},\"query-input\":\"required name=search_term_string\"}],\"inLanguage\":\"sk-SK\"},{\"@type\":\"Organization\",\"@id\":\"https:\/\/www.azek.sk\/#organization\",\"name\":\"Zubn\u00e1 technika Azek\",\"url\":\"https:\/\/www.azek.sk\/\",\"sameAs\":[],\"logo\":{\"@type\":\"ImageObject\",\"inLanguage\":\"sk-SK\",\"@id\":\"https:\/\/www.azek.sk\/#\/schema\/logo\/image\/\",\"url\":\"https:\/\/www.azek.sk\/wp-content\/uploads\/2022\/09\/logo.png\",\"contentUrl\":\"https:\/\/www.azek.sk\/wp-content\/uploads\/2022\/09\/logo.png\",\"width\":440,\"height\":236,\"caption\":\"Zubn\u00e1 technika Azek\"},\"image\":{\"@id\":\"https:\/\/www.azek.sk\/#\/schema\/logo\/image\/\"}}]}<\/script>\n<!-- \/ Yoast SEO plugin. -->","yoast_head_json":{"title":"Zirk\u00f3n - Zubn\u00e1 technika Azek","robots":{"index":"index","follow":"follow","max-snippet":"max-snippet:-1","max-image-preview":"max-image-preview:large","max-video-preview":"max-video-preview:-1"},"canonical":"https:\/\/www.azek.sk\/?page_id=51","og_locale":"sk_SK","og_type":"article","og_title":"Zirk\u00f3n - Zubn\u00e1 technika Azek","og_description":"AK\u00c9 S\u00da V\u00ddHODY ZIRK\u00d3NU? BiokompatibilitaV\u0161etky druhy zirk\u00f3nu s\u00fa plne biokompatibiln\u00e9 bezkovov\u00e9 keramick\u00e9 materi\u00e1ly. V porovnan\u00ed s kovokeramikou nie je potrebn\u00e1 tak v\u00fdrazn\u00e1 prepar\u00e1cia tvrd\u00fdch zubn\u00fdch&hellip;","og_url":"https:\/\/www.azek.sk\/?page_id=51","og_site_name":"Zubn\u00e1 technika Azek","article_modified_time":"2022-09-25T20:57:27+00:00","twitter_card":"summary_large_image","twitter_misc":{"Predpokladan\u00fd \u010das \u010d\u00edtania":"1 min\u00fata"},"schema":{"@context":"https:\/\/schema.org","@graph":[{"@type":"WebPage","@id":"https:\/\/www.azek.sk\/?page_id=51","url":"https:\/\/www.azek.sk\/?page_id=51","name":"Zirk\u00f3n - Zubn\u00e1 technika Azek","isPartOf":{"@id":"https:\/\/www.azek.sk\/#website"},"datePublished":"2022-09-25T18:43:35+00:00","dateModified":"2022-09-25T20:57:27+00:00","breadcrumb":{"@id":"https:\/\/www.azek.sk\/?page_id=51#breadcrumb"},"inLanguage":"sk-SK","potentialAction":[{"@type":"ReadAction","target":["https:\/\/www.azek.sk\/?page_id=51"]}]},{"@type":"BreadcrumbList","@id":"https:\/\/www.azek.sk\/?page_id=51#breadcrumb","itemListElement":[{"@type":"ListItem","position":1,"name":"Home","item":"https:\/\/www.azek.sk\/"},{"@type":"ListItem","position":2,"name":"Zirk\u00f3n"}]},{"@type":"WebSite","@id":"https:\/\/www.azek.sk\/#website","url":"https:\/\/www.azek.sk\/","name":"Zubn\u00e1 technika Azek","description":"","publisher":{"@id":"https:\/\/www.azek.sk\/#organization"},"potentialAction":[{"@type":"SearchAction","target":{"@type":"EntryPoint","urlTemplate":"https:\/\/www.azek.sk\/?s={search_term_string}"},"query-input":"required name=search_term_string"}],"inLanguage":"sk-SK"},{"@type":"Organization","@id":"https:\/\/www.azek.sk\/#organization","name":"Zubn\u00e1 technika Azek","url":"https:\/\/www.azek.sk\/","sameAs":[],"logo":{"@type":"ImageObject","inLanguage":"sk-SK","@id":"https:\/\/www.azek.sk\/#\/schema\/logo\/image\/","url":"https:\/\/www.azek.sk\/wp-content\/uploads\/2022\/09\/logo.png","contentUrl":"https:\/\/www.azek.sk\/wp-content\/uploads\/2022\/09\/logo.png","width":440,"height":236,"caption":"Zubn\u00e1 technika Azek"},"image":{"@id":"https:\/\/www.azek.sk\/#\/schema\/logo\/image\/"}}]}},"_links":{"self":[{"href":"https:\/\/www.azek.sk\/index.php?rest_route=\/wp\/v2\/pages\/51"}],"collection":[{"href":"https:\/\/www.azek.sk\/index.php?rest_route=\/wp\/v2\/pages"}],"about":[{"href":"https:\/\/www.azek.sk\/index.php?rest_route=\/wp\/v2\/types\/page"}],"author":[{"embeddable":true,"href":"https:\/\/www.azek.sk\/index.php?rest_route=\/wp\/v2\/users\/1"}],"replies":[{"embeddable":true,"href":"https:\/\/www.azek.sk\/index.php?rest_route=%2Fwp%2Fv2%2Fcomments&post=51"}],"version-history":[{"count":3,"href":"https:\/\/www.azek.sk\/index.php?rest_route=\/wp\/v2\/pages\/51\/revisions"}],"predecessor-version":[{"id":72,"href":"https:\/\/www.azek.sk\/index.php?rest_route=\/wp\/v2\/pages\/51\/revisions\/72"}],"wp:attachment":[{"href":"https:\/\/www.azek.sk\/index.php?rest_route=%2Fwp%2Fv2%2Fmedia&parent=51"}],"curies":[{"name":"wp","href":"https:\/\/api.w.org\/{rel}","templated":true}]}}